{"id":37,"date":"2022-03-25T11:15:43","date_gmt":"2022-03-25T11:15:43","guid":{"rendered":"https:\/\/impreza47.us-themes.com\/?page_id=37"},"modified":"2023-10-09T12:51:40","modified_gmt":"2023-10-09T12:51:40","slug":"proyecto","status":"publish","type":"page","link":"https:\/\/amarhoy.org\/pl\/proyecto\/","title":{"rendered":"Projekt"},"content":{"rendered":"<section class=\"l-section wpb_row height_custom color_primary with_img with_shape\"><div class=\"l-section-img\" data-img-width=\"2560\" data-img-height=\"1707\" style=\"background-image: url(https:\/\/amarhoy.org\/wp-content\/uploads\/2023\/04\/home4-scaled.jpg);background-position: bottom center;\"><\/div><div class=\"l-section-overlay\" style=\"background:rgba(0,0,0,0.40)\"><\/div><div class=\"l-section-shape type_wave pos_bottom\" style=\"height:8vmax;\"><svg xmlns=\"http:\/\/www.w3.org\/2000\/svg\" viewbox=\"0 4 64 4\" preserveaspectratio=\"none\" width=\"100%\" height=\"100%\">\r\n\t<path fill=\"currentColor\" d=\"M64 6 C32 0 32 12 0 6 L0 8 L64 8 Z\"\/>\r\n<\/svg><\/div><div class=\"l-section-h i-cf\"><div class=\"g-cols vc_row via_grid cols_1 laptops-cols_inherit tablets-cols_inherit mobiles-cols_1 valign_top type_default stacking_default\"><div class=\"wpb_column vc_column_container\"><div class=\"vc_column-inner\"><h1 class=\"w-text us_custom_34aef4c0\"><span class=\"w-text-h\"><span class=\"w-text-value\">Projekt<\/span><\/span><\/h1><div class=\"w-separator size_custom\" style=\"height:8vmax\"><\/div><\/div><\/div><\/div><\/div><\/section><section class=\"l-section wpb_row height_custom\"><div class=\"l-section-h i-cf\"><div class=\"g-cols vc_row via_grid cols_1 laptops-cols_inherit tablets-cols_inherit mobiles-cols_1 valign_middle type_default stacking_default\"><div class=\"wpb_column vc_column_container\"><div class=\"vc_column-inner\"><div class=\"g-cols wpb_row via_grid cols_2 laptops-cols_inherit tablets-cols_1 mobiles-cols_1 valign_middle type_default stacking_default\"><div class=\"wpb_column vc_column_container\"><div class=\"vc_column-inner\"><div class=\"wpb_text_column\"><div class=\"wpb_wrapper\"><h2>Projekt AMAR\u00a0<\/h2>\n<p>Jest skierowany do par, kt\u00f3re zamierzaj\u0105 wzi\u0105\u0107 \n\u015blub w nadchodz\u0105cych miesi\u0105cach. Je\u015bli jeste\u015b \nw takiej sytuacji, to jest to projekt dla Ciebie! \nZapraszamy do wzi\u0119cia w nim udzia\u0142u. \nPrzyczynisz si\u0119 w ten spos\u00f3b do poprawy \ntrwa\u0142o\u015bci przysz\u0142ych ma\u0142\u017ce\u0144stw.<\/p>\n<\/div><\/div><div class=\"wpb_text_column\"><div class=\"wpb_wrapper\"><h2 style=\"text-align: center;\">\u00a0<\/h2>\n<p style=\"text-align: left;\">Aby wzi\u0105\u0107 udzia\u0142 w badaniu, wype\u0142nij formularz<\/p>\n<\/div><\/div><div class=\"w-btn-wrapper align_left\"><a class=\"w-btn us-btn-style_1\" href=\"https:\/\/amarhoy.org\/pl\/participa\/\"><span class=\"w-btn-label\">Chc\u0119 uczestniczy\u0107<\/span><\/a><\/div><\/div><\/div><div class=\"wpb_column vc_column_container\"><div class=\"vc_column-inner\"><div class=\"w-image us_custom_9cf479d2 align_none\"><div class=\"w-image-h\"><img width=\"1024\" height=\"684\" src=\"https:\/\/amarhoy.org\/wp-content\/uploads\/2023\/04\/couple9-1024x684.jpg\" class=\"attachment-large size-large\" alt=\"\" decoding=\"async\" loading=\"lazy\" srcset=\"https:\/\/amarhoy.org\/wp-content\/uploads\/2023\/04\/couple9-1024x684.jpg 1024w, https:\/\/amarhoy.org\/wp-content\/uploads\/2023\/04\/couple9-300x200.jpg 300w\" sizes=\"(max-width: 1024px) 100vw, 1024px\" \/><\/div><\/div><\/div><\/div><\/div><div class=\"w-separator size_custom\" style=\"height:6.5vmax\"><\/div><div class=\"w-separator size_custom\" style=\"height:6.5vmax\"><\/div><div class=\"g-cols wpb_row via_grid cols_2 laptops-cols_inherit tablets-cols_1 mobiles-cols_1 valign_middle type_default reversed\"><div class=\"wpb_column vc_column_container\"><div class=\"vc_column-inner\"><div class=\"w-image us_custom_9cf479d2 align_none\"><div class=\"w-image-h\"><img width=\"1024\" height=\"684\" src=\"https:\/\/amarhoy.org\/wp-content\/uploads\/2023\/04\/couple5-1024x684.jpg\" class=\"attachment-large size-large\" alt=\"\" decoding=\"async\" loading=\"lazy\" srcset=\"https:\/\/amarhoy.org\/wp-content\/uploads\/2023\/04\/couple5-1024x684.jpg 1024w, https:\/\/amarhoy.org\/wp-content\/uploads\/2023\/04\/couple5-300x200.jpg 300w\" sizes=\"(max-width: 1024px) 100vw, 1024px\" \/><\/div><\/div><\/div><\/div><div class=\"wpb_column vc_column_container\"><div class=\"vc_column-inner\"><div class=\"wpb_text_column\"><div class=\"wpb_wrapper\"><h2>Kiedy otrzymamy \nWasze dane<\/h2>\n<p>Wy\u015blemy ka\u017cdemu z osobna link do ankiety. Jest ona obszerna i wype\u0142nienie jej zajmuje oko\u0142o 30\u201340 minut.<\/p>\n<p>Udzielone przez Ciebie informacje b\u0119d\u0105 \ntraktowane z ca\u0142kowit\u0105 <strong>poufno\u015bci\u0105<\/strong> <em>a dost\u0119p do nich b\u0119d\u0105 mieli wy\u0142\u0105cznie badacze tego projektu. Ponadto osoby posiadaj\u0105ce wgl\u0105d do danych osobowych (imi\u0119 i nazwisko, adres...), nie b\u0119d\u0105 mia\u0142y dost\u0119pu do odpowiedzi udzielonych przez uczestnik\u00f3w, kt\u00f3re znajduj\u0105 si\u0119 w osobnej bazie danych.<\/em><\/p>\n<\/div><\/div><\/div><\/div><\/div><\/div><\/div><\/div><\/div><\/section><section class=\"l-section wpb_row height_custom\"><div class=\"l-section-h i-cf\"><div class=\"g-cols vc_row via_grid cols_1 laptops-cols_inherit tablets-cols_inherit mobiles-cols_1 valign_middle type_default stacking_default\"><div class=\"wpb_column vc_column_container\"><div class=\"vc_column-inner\"><div class=\"g-cols wpb_row via_grid cols_2 laptops-cols_inherit tablets-cols_1 mobiles-cols_1 valign_middle type_default stacking_default\"><div class=\"wpb_column vc_column_container\"><div class=\"vc_column-inner\"><div class=\"wpb_text_column\"><div class=\"wpb_wrapper\"><h2>Kontynuacja badania<\/h2>\n<p>W trakcie kontynuacji badania b\u0119dziesz otrzymywa\u0107, mniej wi\u0119cej co 2 lata,\u00a0<strong>znacznie kr\u00f3tsze kwestionariusze (oko\u0142o 5 minutowe).<\/strong>.<\/p>\n<\/div><\/div><div class=\"w-separator size_custom\" style=\"height:6.5vmax\"><\/div><div class=\"wpb_text_column\"><div class=\"wpb_wrapper\"><h2>Raport<\/h2>\n<p>Je\u015bli chcesz, po wype\u0142nieniu pierwszego kwestionariusza ka\u017cdy z was otrzyma (r\u00f3wnie\u017c osobno) kr\u00f3tki raport oparty na niekt\u00f3rych odpowiedziach, kt\u00f3ry mo\u017ce pom\u00f3c w poprawie relacji. Prze\u015blemy r\u00f3wnie\u017c informacje o wynikach projektu. Ponadto, co roku b\u0119dziemy losowa\u0107 romantyczne wyjazdy w\u015br\u00f3d wszystkich par, kt\u00f3re wzi\u0119\u0142y udzia\u0142 w projekcie.<\/p>\n<\/div><\/div><\/div><\/div><div class=\"wpb_column vc_column_container\"><div class=\"vc_column-inner\"><div class=\"w-image us_custom_9cf479d2 has_ratio align_none\"><div class=\"w-image-h\"><div style=\"padding-bottom:100%\"><\/div><img width=\"682\" height=\"1024\" src=\"https:\/\/amarhoy.org\/wp-content\/uploads\/2023\/04\/couple7-682x1024.jpg\" class=\"attachment-large size-large\" alt=\"\" decoding=\"async\" loading=\"lazy\" srcset=\"https:\/\/amarhoy.org\/wp-content\/uploads\/2023\/04\/couple7-682x1024.jpg 682w, https:\/\/amarhoy.org\/wp-content\/uploads\/2023\/04\/couple7-200x300.jpg 200w, https:\/\/amarhoy.org\/wp-content\/uploads\/2023\/04\/couple7-scaled.jpg 1706w\" sizes=\"(max-width: 682px) 100vw, 682px\" \/><\/div><\/div><\/div><\/div><\/div><div class=\"w-separator size_custom\" style=\"height:6.5vmax\"><\/div><div class=\"w-separator size_custom\" style=\"height:6.5vmax\"><\/div><div class=\"g-cols wpb_row via_grid cols_2 laptops-cols_inherit tablets-cols_1 mobiles-cols_1 valign_middle type_default reversed\"><div class=\"wpb_column vc_column_container\"><div class=\"vc_column-inner\"><div class=\"w-image us_custom_9cf479d2 align_none\"><div class=\"w-image-h\"><img width=\"1024\" height=\"576\" src=\"https:\/\/amarhoy.org\/wp-content\/uploads\/2023\/04\/couple11-1024x576.jpg\" class=\"attachment-large size-large\" alt=\"\" decoding=\"async\" loading=\"lazy\" srcset=\"https:\/\/amarhoy.org\/wp-content\/uploads\/2023\/04\/couple11-1024x576.jpg 1024w, https:\/\/amarhoy.org\/wp-content\/uploads\/2023\/04\/couple11-300x169.jpg 300w\" sizes=\"(max-width: 1024px) 100vw, 1024px\" \/><\/div><\/div><\/div><\/div><div class=\"wpb_column vc_column_container\"><div class=\"vc_column-inner\"><div class=\"wpb_text_column\"><div class=\"wpb_wrapper\"><h2>Dzi\u0119kujemy<\/h2>\n<p>Doceniamy Twoje uczestnictwo, kt\u00f3re jest niezb\u0119dne, aby pozna\u0107 cechy udanych ma\u0142\u017ce\u0144stw i pom\u00f3c innym m\u0142odym ludziom lepiej przygotowa\u0107 si\u0119 do \n\u017cycia ma\u0142\u017ce\u0144skiego.<\/p>\n<p>Je\u015bli masz jakiekolwiek pytania, mo\u017cesz skontaktowa\u0107 si\u0119 z nami pod adresem:\u00a0<a href=\"mailto:info@amarhoy.org\">info@amarhoy.org<\/a>.<\/p>\n<\/div><\/div><\/div><\/div><\/div><\/div><\/div><\/div><\/div><\/section><section class=\"l-section wpb_row height_custom color_primary with_img with_shape\"><div class=\"l-section-img\" data-img-width=\"1800\" data-img-height=\"1200\" style=\"background-image: url(https:\/\/amarhoy.org\/wp-content\/uploads\/2022\/04\/us-placeholder-landscape.jpg);background-position: center left;\"><\/div><div class=\"l-section-overlay\" style=\"background:rgba(0,0,0,0.40)\"><\/div><div class=\"l-section-shape type_wave pos_top hor_flip\" style=\"height:8vmax;\"><svg xmlns=\"http:\/\/www.w3.org\/2000\/svg\" viewbox=\"0 4 64 4\" preserveaspectratio=\"none\" width=\"100%\" height=\"100%\">\r\n\t<path fill=\"currentColor\" d=\"M64 6 C32 0 32 12 0 6 L0 8 L64 8 Z\"\/>\r\n<\/svg><\/div><div class=\"l-section-shape type_wave pos_bottom\" style=\"height:8vmax;color:var(--color-footer-bg)\"><svg xmlns=\"http:\/\/www.w3.org\/2000\/svg\" viewbox=\"0 4 64 4\" preserveaspectratio=\"none\" width=\"100%\" height=\"100%\">\r\n\t<path fill=\"currentColor\" d=\"M64 6 C32 0 32 12 0 6 L0 8 L64 8 Z\"\/>\r\n<\/svg><\/div><div class=\"l-section-h i-cf\"><div class=\"g-cols vc_row via_grid cols_1 laptops-cols_inherit tablets-cols_inherit mobiles-cols_1 valign_top type_default stacking_default\"><div class=\"wpb_column vc_column_container\"><div class=\"vc_column-inner\"><div class=\"wpb_text_column us_custom_a6f01ad4\"><div class=\"wpb_wrapper\"><h2>Chcesz pom\u00f3c w badaniu?<\/h2>\n<\/div><\/div><div class=\"w-btn-wrapper align_center\"><a class=\"w-btn us-btn-style_1\" href=\"https:\/\/amarhoy.org\/pl\/participa\/\"><span class=\"w-btn-label\">Chc\u0119 uczestniczy\u0107<\/span><\/a><\/div><div class=\"w-separator size_custom\" style=\"height:30px\"><\/div><\/div><\/div><\/div><\/div><\/section>","protected":false},"excerpt":{"rendered":"","protected":false},"author":1,"featured_media":0,"parent":0,"menu_order":0,"comment_status":"closed","ping_status":"closed","template":"","meta":[],"_links":{"self":[{"href":"https:\/\/amarhoy.org\/pl\/wp-json\/wp\/v2\/pages\/37"}],"collection":[{"href":"https:\/\/amarhoy.org\/pl\/wp-json\/wp\/v2\/pages"}],"about":[{"href":"https:\/\/amarhoy.org\/pl\/wp-json\/wp\/v2\/types\/page"}],"author":[{"embeddable":true,"href":"https:\/\/amarhoy.org\/pl\/wp-json\/wp\/v2\/users\/1"}],"replies":[{"embeddable":true,"href":"https:\/\/amarhoy.org\/pl\/wp-json\/wp\/v2\/comments?post=37"}],"version-history":[{"count":15,"href":"https:\/\/amarhoy.org\/pl\/wp-json\/wp\/v2\/pages\/37\/revisions"}],"predecessor-version":[{"id":418,"href":"https:\/\/amarhoy.org\/pl\/wp-json\/wp\/v2\/pages\/37\/revisions\/418"}],"wp:attachment":[{"href":"https:\/\/amarhoy.org\/pl\/wp-json\/wp\/v2\/media?parent=37"}],"curies":[{"name":"wp","href":"https:\/\/api.w.org\/{rel}","templated":true}]}}