{"id":37,"date":"2022-03-25T11:15:43","date_gmt":"2022-03-25T11:15:43","guid":{"rendered":"https:\/\/impreza47.us-themes.com\/?page_id=37"},"modified":"2023-10-09T12:51:40","modified_gmt":"2023-10-09T12:51:40","slug":"proyecto","status":"publish","type":"page","link":"https:\/\/amarhoy.org\/en\/proyecto\/","title":{"rendered":"Project"},"content":{"rendered":"<section class=\"l-section wpb_row height_custom color_primary with_img with_shape\"><div class=\"l-section-img\" data-img-width=\"2560\" data-img-height=\"1707\" style=\"background-image: url(https:\/\/amarhoy.org\/wp-content\/uploads\/2023\/04\/home4-scaled.jpg);background-position: bottom center;\"><\/div><div class=\"l-section-overlay\" style=\"background:rgba(0,0,0,0.40)\"><\/div><div class=\"l-section-shape type_wave pos_bottom\" style=\"height:8vmax;\"><svg xmlns=\"http:\/\/www.w3.org\/2000\/svg\" viewbox=\"0 4 64 4\" preserveaspectratio=\"none\" width=\"100%\" height=\"100%\">\r\n\t<path fill=\"currentColor\" d=\"M64 6 C32 0 32 12 0 6 L0 8 L64 8 Z\"\/>\r\n<\/svg><\/div><div class=\"l-section-h i-cf\"><div class=\"g-cols vc_row via_grid cols_1 laptops-cols_inherit tablets-cols_inherit mobiles-cols_1 valign_top type_default stacking_default\"><div class=\"wpb_column vc_column_container\"><div class=\"vc_column-inner\"><h1 class=\"w-text us_custom_34aef4c0\"><span class=\"w-text-h\"><span class=\"w-text-value\">Project<\/span><\/span><\/h1><div class=\"w-separator size_custom\" style=\"height:8vmax\"><\/div><\/div><\/div><\/div><\/div><\/section><section class=\"l-section wpb_row height_custom\"><div class=\"l-section-h i-cf\"><div class=\"g-cols vc_row via_grid cols_1 laptops-cols_inherit tablets-cols_inherit mobiles-cols_1 valign_middle type_default stacking_default\"><div class=\"wpb_column vc_column_container\"><div class=\"vc_column-inner\"><div class=\"g-cols wpb_row via_grid cols_2 laptops-cols_inherit tablets-cols_1 mobiles-cols_1 valign_middle type_default stacking_default\"><div class=\"wpb_column vc_column_container\"><div class=\"vc_column-inner\"><div class=\"wpb_text_column\"><div class=\"wpb_wrapper\"><h2>The AMAR Studio\u00a0<\/h2>\n<p>It is aimed at couples who intend to get married in the coming months. If this is your situation, this is the project for you! We invite you to be part of it, thus helping to improve the marriages of the future.<\/p>\n<\/div><\/div><div class=\"wpb_text_column\"><div class=\"wpb_wrapper\"><h2 style=\"text-align: center;\">\u00a0<\/h2>\n<p style=\"text-align: left;\">To take part in the study, please fill in the form below<\/p>\n<\/div><\/div><div class=\"w-btn-wrapper align_left\"><a class=\"w-btn us-btn-style_1\" href=\"https:\/\/amarhoy.org\/en\/participa\/\"><span class=\"w-btn-label\">Join<\/span><\/a><\/div><\/div><\/div><div class=\"wpb_column vc_column_container\"><div class=\"vc_column-inner\"><div class=\"w-image us_custom_9cf479d2 align_none\"><div class=\"w-image-h\"><img width=\"1024\" height=\"684\" src=\"https:\/\/amarhoy.org\/wp-content\/uploads\/2023\/04\/couple9-1024x684.jpg\" class=\"attachment-large size-large\" alt=\"\" decoding=\"async\" loading=\"lazy\" srcset=\"https:\/\/amarhoy.org\/wp-content\/uploads\/2023\/04\/couple9-1024x684.jpg 1024w, https:\/\/amarhoy.org\/wp-content\/uploads\/2023\/04\/couple9-300x200.jpg 300w\" sizes=\"(max-width: 1024px) 100vw, 1024px\" \/><\/div><\/div><\/div><\/div><\/div><div class=\"w-separator size_custom\" style=\"height:6.5vmax\"><\/div><div class=\"w-separator size_custom\" style=\"height:6.5vmax\"><\/div><div class=\"g-cols wpb_row via_grid cols_2 laptops-cols_inherit tablets-cols_1 mobiles-cols_1 valign_middle type_default reversed\"><div class=\"wpb_column vc_column_container\"><div class=\"vc_column-inner\"><div class=\"w-image us_custom_9cf479d2 align_none\"><div class=\"w-image-h\"><img width=\"1024\" height=\"684\" src=\"https:\/\/amarhoy.org\/wp-content\/uploads\/2023\/04\/couple5-1024x684.jpg\" class=\"attachment-large size-large\" alt=\"\" decoding=\"async\" loading=\"lazy\" srcset=\"https:\/\/amarhoy.org\/wp-content\/uploads\/2023\/04\/couple5-1024x684.jpg 1024w, https:\/\/amarhoy.org\/wp-content\/uploads\/2023\/04\/couple5-300x200.jpg 300w\" sizes=\"(max-width: 1024px) 100vw, 1024px\" \/><\/div><\/div><\/div><\/div><div class=\"wpb_column vc_column_container\"><div class=\"vc_column-inner\"><div class=\"wpb_text_column\"><div class=\"wpb_wrapper\"><h2>When we receive your details<\/h2>\n<p>We will send you, each of you separately, a link to answer the initial questionnaire. It is an extensive questionnaire, which takes about 30-40 minutes to complete.<\/p>\n<p>Your data will be treated with full confidentiality <strong>confidentiality<\/strong> <em>and only the researchers of this project will have access to the data. Furthermore, whoever has access to the personal data (name, address...), will not have access to the answers given by the participants, which will be kept in a separate database.<\/em><\/p>\n<\/div><\/div><\/div><\/div><\/div><\/div><\/div><\/div><\/div><\/section><section class=\"l-section wpb_row height_custom\"><div class=\"l-section-h i-cf\"><div class=\"g-cols vc_row via_grid cols_1 laptops-cols_inherit tablets-cols_inherit mobiles-cols_1 valign_middle type_default stacking_default\"><div class=\"wpb_column vc_column_container\"><div class=\"vc_column-inner\"><div class=\"g-cols wpb_row via_grid cols_2 laptops-cols_inherit tablets-cols_1 mobiles-cols_1 valign_middle type_default stacking_default\"><div class=\"wpb_column vc_column_container\"><div class=\"vc_column-inner\"><div class=\"wpb_text_column\"><div class=\"wpb_wrapper\"><h2>Follow-up to the study<\/h2>\n<p>During the follow-up of the study, you will receive questionnaires approximately every 2 years.\u00a0<strong>much shorter (about 5 minutes)<\/strong>.<\/p>\n<\/div><\/div><div class=\"w-separator size_custom\" style=\"height:6.5vmax\"><\/div><div class=\"wpb_text_column\"><div class=\"wpb_wrapper\"><h2>Report<\/h2>\n<p>Je\u015bli sobie tego \u017cyczysz, po wype\u0142nieniu pierwszej ankiety, ka\u017cdy z Was (osobno) otrzyma kr\u00f3tki raport powsta\u0142y \nna podstawie niekt\u00f3rych Waszych odpowiedzi. Mo\u017ce on pom\u00f3c w polepszeniu Waszej relacji. Prze\u015blemy r\u00f3wnie\u017c \ninformacj\u0119 o wynikach, jakie uzyskali\u015bmy w ca\u0142ym projekcie. Dodatkowo, raz w roku, pary kt\u00f3re wzi\u0119\u0142y udzia\u0142 w \nbadaniu b\u0119d\u0105 uczestniczy\u0107 w konkursie.<\/p>\n<\/div><\/div><\/div><\/div><div class=\"wpb_column vc_column_container\"><div class=\"vc_column-inner\"><div class=\"w-image us_custom_9cf479d2 has_ratio align_none\"><div class=\"w-image-h\"><div style=\"padding-bottom:100%\"><\/div><img width=\"682\" height=\"1024\" src=\"https:\/\/amarhoy.org\/wp-content\/uploads\/2023\/04\/couple7-682x1024.jpg\" class=\"attachment-large size-large\" alt=\"\" decoding=\"async\" loading=\"lazy\" srcset=\"https:\/\/amarhoy.org\/wp-content\/uploads\/2023\/04\/couple7-682x1024.jpg 682w, https:\/\/amarhoy.org\/wp-content\/uploads\/2023\/04\/couple7-200x300.jpg 200w, https:\/\/amarhoy.org\/wp-content\/uploads\/2023\/04\/couple7-scaled.jpg 1706w\" sizes=\"(max-width: 682px) 100vw, 682px\" \/><\/div><\/div><\/div><\/div><\/div><div class=\"w-separator size_custom\" style=\"height:6.5vmax\"><\/div><div class=\"w-separator size_custom\" style=\"height:6.5vmax\"><\/div><div class=\"g-cols wpb_row via_grid cols_2 laptops-cols_inherit tablets-cols_1 mobiles-cols_1 valign_middle type_default reversed\"><div class=\"wpb_column vc_column_container\"><div class=\"vc_column-inner\"><div class=\"w-image us_custom_9cf479d2 align_none\"><div class=\"w-image-h\"><img width=\"1024\" height=\"576\" src=\"https:\/\/amarhoy.org\/wp-content\/uploads\/2023\/04\/couple11-1024x576.jpg\" class=\"attachment-large size-large\" alt=\"\" decoding=\"async\" loading=\"lazy\" srcset=\"https:\/\/amarhoy.org\/wp-content\/uploads\/2023\/04\/couple11-1024x576.jpg 1024w, https:\/\/amarhoy.org\/wp-content\/uploads\/2023\/04\/couple11-300x169.jpg 300w\" sizes=\"(max-width: 1024px) 100vw, 1024px\" \/><\/div><\/div><\/div><\/div><div class=\"wpb_column vc_column_container\"><div class=\"vc_column-inner\"><div class=\"wpb_text_column\"><div class=\"wpb_wrapper\"><h2>Thank you<\/h2>\n<p>We thank you for your participation, which is indispensable to know the characteristics of successful marriages and to help other young people to better prepare themselves for married life.<\/p>\n<p>If you have any questions, you can contact us at the following address:\u00a0<a href=\"mailto:info@amarhoy.org\">info@amarhoy.org<\/a>.<\/p>\n<\/div><\/div><\/div><\/div><\/div><\/div><\/div><\/div><\/div><\/section><section class=\"l-section wpb_row height_custom color_primary with_img with_shape\"><div class=\"l-section-img\" data-img-width=\"1800\" data-img-height=\"1200\" style=\"background-image: url(https:\/\/amarhoy.org\/wp-content\/uploads\/2022\/04\/us-placeholder-landscape.jpg);background-position: center left;\"><\/div><div class=\"l-section-overlay\" style=\"background:rgba(0,0,0,0.40)\"><\/div><div class=\"l-section-shape type_wave pos_top hor_flip\" style=\"height:8vmax;\"><svg xmlns=\"http:\/\/www.w3.org\/2000\/svg\" viewbox=\"0 4 64 4\" preserveaspectratio=\"none\" width=\"100%\" height=\"100%\">\r\n\t<path fill=\"currentColor\" d=\"M64 6 C32 0 32 12 0 6 L0 8 L64 8 Z\"\/>\r\n<\/svg><\/div><div class=\"l-section-shape type_wave pos_bottom\" style=\"height:8vmax;color:var(--color-footer-bg)\"><svg xmlns=\"http:\/\/www.w3.org\/2000\/svg\" viewbox=\"0 4 64 4\" preserveaspectratio=\"none\" width=\"100%\" height=\"100%\">\r\n\t<path fill=\"currentColor\" d=\"M64 6 C32 0 32 12 0 6 L0 8 L64 8 Z\"\/>\r\n<\/svg><\/div><div class=\"l-section-h i-cf\"><div class=\"g-cols vc_row via_grid cols_1 laptops-cols_inherit tablets-cols_inherit mobiles-cols_1 valign_top type_default stacking_default\"><div class=\"wpb_column vc_column_container\"><div class=\"vc_column-inner\"><div class=\"wpb_text_column us_custom_a6f01ad4\"><div class=\"wpb_wrapper\"><h2>Do you want to help the study?<\/h2>\n<\/div><\/div><div class=\"w-btn-wrapper align_center\"><a class=\"w-btn us-btn-style_1\" href=\"https:\/\/amarhoy.org\/en\/participa\/\"><span class=\"w-btn-label\">Join<\/span><\/a><\/div><div class=\"w-separator size_custom\" style=\"height:30px\"><\/div><\/div><\/div><\/div><\/div><\/section>","protected":false},"excerpt":{"rendered":"","protected":false},"author":1,"featured_media":0,"parent":0,"menu_order":0,"comment_status":"closed","ping_status":"closed","template":"","meta":[],"_links":{"self":[{"href":"https:\/\/amarhoy.org\/en\/wp-json\/wp\/v2\/pages\/37"}],"collection":[{"href":"https:\/\/amarhoy.org\/en\/wp-json\/wp\/v2\/pages"}],"about":[{"href":"https:\/\/amarhoy.org\/en\/wp-json\/wp\/v2\/types\/page"}],"author":[{"embeddable":true,"href":"https:\/\/amarhoy.org\/en\/wp-json\/wp\/v2\/users\/1"}],"replies":[{"embeddable":true,"href":"https:\/\/amarhoy.org\/en\/wp-json\/wp\/v2\/comments?post=37"}],"version-history":[{"count":15,"href":"https:\/\/amarhoy.org\/en\/wp-json\/wp\/v2\/pages\/37\/revisions"}],"predecessor-version":[{"id":418,"href":"https:\/\/amarhoy.org\/en\/wp-json\/wp\/v2\/pages\/37\/revisions\/418"}],"wp:attachment":[{"href":"https:\/\/amarhoy.org\/en\/wp-json\/wp\/v2\/media?parent=37"}],"curies":[{"name":"wp","href":"https:\/\/api.w.org\/{rel}","templated":true}]}}